{"id":992,"date":"2024-08-21T08:16:11","date_gmt":"2024-08-21T14:16:11","guid":{"rendered":"https:\/\/ogt.mx\/?post_type=product&#038;p=992"},"modified":"2024-08-21T14:50:14","modified_gmt":"2024-08-21T20:50:14","slug":"album-en-forma-de-birrete-taller-en-linea","status":"publish","type":"product","link":"https:\/\/ogt.mx\/index.php\/product\/album-en-forma-de-birrete-taller-en-linea\/","title":{"rendered":"\u00c1lbum en forma de birrete. Taller en l\u00ednea"},"content":{"rendered":"<p>&nbsp;<\/p>\n<p>&nbsp;<\/p>\n","protected":false},"excerpt":{"rendered":"<p>Con el taller \u00c1lbum Birrete, podr\u00e1s crear un recuerdo \u00fanico para tu graduaci\u00f3n o la de esa persona especial. Paso a paso te ir\u00e9 mostrando c\u00f3mo hacerlo, desde la elecci\u00f3n de materiales hasta las t\u00e9cnicas de decoraci\u00f3n m\u00e1s creativas.<\/p>\n<p>\u00a1Deja volar tu imaginaci\u00f3n, crea este \u00e1lbum, personal\u00edzalo y guarda esos recuerdos de la graduaci\u00f3n de una manera \u00fanica y significativa. \u00bfEst\u00e1s list@ para sumergirte en el mundo de la creatividad?<\/p>\n<p>Adem\u00e1s :<\/p>\n<p>1. Te dejo un par de hojas con plantillas de decoraciones listas para imprimir.<\/p>\n<p>2. Te digo otra forma de forrarlo para que se convierta en un \u00e1lbum para otro momento especial<\/p>\n<p>3. Bono para aprender a cortar con cutter<\/p>\n<p>Adquiere el taller ahora y convi\u00e9rtete en un experto en la creaci\u00f3n de recuerdos inolvidables.<\/p>\n","protected":false},"featured_media":993,"comment_status":"open","ping_status":"closed","template":"","meta":{"om_disable_all_campaigns":false,"_monsterinsights_skip_tracking":false,"_monsterinsights_sitenote_active":false,"_monsterinsights_sitenote_note":"","_monsterinsights_sitenote_category":0},"product_brand":[],"product_cat":[64],"product_tag":[],"class_list":{"0":"post-992","1":"product","2":"type-product","3":"status-publish","4":"has-post-thumbnail","6":"product_cat-cursos-en-linea","8":"first","9":"instock","10":"shipping-taxable","11":"product-type-external"},"aioseo_notices":[],"_links":{"self":[{"href":"https:\/\/ogt.mx\/index.php\/wp-json\/wp\/v2\/product\/992","targetHints":{"allow":["GET"]}}],"collection":[{"href":"https:\/\/ogt.mx\/index.php\/wp-json\/wp\/v2\/product"}],"about":[{"href":"https:\/\/ogt.mx\/index.php\/wp-json\/wp\/v2\/types\/product"}],"replies":[{"embeddable":true,"href":"https:\/\/ogt.mx\/index.php\/wp-json\/wp\/v2\/comments?post=992"}],"wp:featuredmedia":[{"embeddable":true,"href":"https:\/\/ogt.mx\/index.php\/wp-json\/wp\/v2\/media\/993"}],"wp:attachment":[{"href":"https:\/\/ogt.mx\/index.php\/wp-json\/wp\/v2\/media?parent=992"}],"wp:term":[{"taxonomy":"product_brand","embeddable":true,"href":"https:\/\/ogt.mx\/index.php\/wp-json\/wp\/v2\/product_brand?post=992"},{"taxonomy":"product_cat","embeddable":true,"href":"https:\/\/ogt.mx\/index.php\/wp-json\/wp\/v2\/product_cat?post=992"},{"taxonomy":"product_tag","embeddable":true,"href":"https:\/\/ogt.mx\/index.php\/wp-json\/wp\/v2\/product_tag?post=992"}],"curies":[{"name":"wp","href":"https:\/\/api.w.org\/{rel}","templated":true}]}}