{"id":958,"date":"2024-08-06T17:24:30","date_gmt":"2024-08-06T23:24:30","guid":{"rendered":"https:\/\/ogt.mx\/?post_type=product&#038;p=958"},"modified":"2025-04-16T11:36:40","modified_gmt":"2025-04-16T17:36:40","slug":"taller-en-linea-cuaderno-de-viaje","status":"publish","type":"product","link":"https:\/\/ogt.mx\/index.php\/product\/taller-en-linea-cuaderno-de-viaje\/","title":{"rendered":"Cuaderno de viaje. Taller en l\u00ednea"},"content":{"rendered":"<p>Taller en l\u00ednea para que tomes desde donde est\u00e9s a tu propio ritmo con materiales simples y econ\u00f3micos para aprende a hacer este cuaderno de viaje desde cero.<\/p>\n<p>No necesitas conocimientos previos de encuadernaci\u00f3n ni herramientas o materiales sofisticados.<\/p>\n<p>Puedes hacerlos para ti mismo, para regalar o para vender!<\/p>\n<p>S\u00f3lo necesitas los materiales que se muestran en las fotos.<\/p>\n<p>&nbsp;<\/p>\n<p>APRENDER\u00c1S:<\/p>\n<p>Acerca del papel<\/p>\n<p>C\u00f3mo formar el cuaderno<\/p>\n<p>C\u00f3mo forrarlo con ideas econ\u00f3micas y creativas<\/p>\n<p>C\u00f3mo coserlo<\/p>\n<p>Y muchas ideas para decorarlo y hacer de tu cuaderno un viaje un recuerdo \u00fanico<\/p>\n<p>&nbsp;<\/p>\n","protected":false},"excerpt":{"rendered":"[embed]https:\/\/www.youtube.com\/watch?v=jb8NegdYAV4[\/embed]\n<p>Aprender\u00e1s:<\/p>\n<p>A hacer un cuaderno de viaje o viajero desde cero.<\/p>\n<p>Con un m\u00e9todo sencillo y econ\u00f3mico sin necesitar herramientas de encuadernaci\u00f3n ni experiencia.<\/p>\n<p>Te ense\u00f1o c\u00f3mo elegir papel, c\u00f3mo forrarlo y a coserlo.<\/p>\n<p>Adem\u00e1s te muestro t\u00e9cnicas e ideas para armar tu cuaderno.<\/p>\n<p>&nbsp;<\/p>\n","protected":false},"featured_media":959,"comment_status":"open","ping_status":"closed","template":"","meta":{"om_disable_all_campaigns":false,"_monsterinsights_skip_tracking":false,"_monsterinsights_sitenote_active":false,"_monsterinsights_sitenote_note":"","_monsterinsights_sitenote_category":0},"product_brand":[],"product_cat":[64],"product_tag":[],"class_list":{"0":"post-958","1":"product","2":"type-product","3":"status-publish","4":"has-post-thumbnail","6":"product_cat-cursos-en-linea","8":"first","9":"instock","10":"sold-individually","11":"shipping-taxable","12":"product-type-external"},"aioseo_notices":[],"_links":{"self":[{"href":"https:\/\/ogt.mx\/index.php\/wp-json\/wp\/v2\/product\/958","targetHints":{"allow":["GET"]}}],"collection":[{"href":"https:\/\/ogt.mx\/index.php\/wp-json\/wp\/v2\/product"}],"about":[{"href":"https:\/\/ogt.mx\/index.php\/wp-json\/wp\/v2\/types\/product"}],"replies":[{"embeddable":true,"href":"https:\/\/ogt.mx\/index.php\/wp-json\/wp\/v2\/comments?post=958"}],"wp:featuredmedia":[{"embeddable":true,"href":"https:\/\/ogt.mx\/index.php\/wp-json\/wp\/v2\/media\/959"}],"wp:attachment":[{"href":"https:\/\/ogt.mx\/index.php\/wp-json\/wp\/v2\/media?parent=958"}],"wp:term":[{"taxonomy":"product_brand","embeddable":true,"href":"https:\/\/ogt.mx\/index.php\/wp-json\/wp\/v2\/product_brand?post=958"},{"taxonomy":"product_cat","embeddable":true,"href":"https:\/\/ogt.mx\/index.php\/wp-json\/wp\/v2\/product_cat?post=958"},{"taxonomy":"product_tag","embeddable":true,"href":"https:\/\/ogt.mx\/index.php\/wp-json\/wp\/v2\/product_tag?post=958"}],"curies":[{"name":"wp","href":"https:\/\/api.w.org\/{rel}","templated":true}]}}