{"id":933,"date":"2024-04-16T15:46:54","date_gmt":"2024-04-16T20:46:54","guid":{"rendered":"https:\/\/ogt.mx\/?post_type=product&#038;p=933"},"modified":"2024-04-28T00:02:28","modified_gmt":"2024-04-28T05:02:28","slug":"agenda-de-bodas","status":"publish","type":"product","link":"https:\/\/ogt.mx\/index.php\/product\/agenda-de-bodas\/","title":{"rendered":"Agenda de Bodas"},"content":{"rendered":"<p>Planear una boda nunca ha sido tan f\u00e1cil con esta exclusiva Agenda de Bodas @ogtmx. \ud83d\udcd4\ud83d\udc8d<\/p>\n<p>Organiza cada detalle de tu d\u00eda especial de forma organizada y sin estr\u00e9s. Desde la elecci\u00f3n de la fecha hasta la Luna de Miel, la agenda @ogtmx te guiar\u00e1 paso a paso. Con secciones dedicadas a cada aspecto del gran d\u00eda, desde la selecci\u00f3n del vestido hasta los detalles m\u00e1s adorables. Encuentra consejos, protocolos, listas de verificaci\u00f3n, espacios para tus ideas, fotos, y m\u00e1s.<\/p>\n<p>\u00a1Haz de tu boda un evento inolvidable con nuestra ayuda! \ud83e\udd42\ud83d\udc70\ud83e\udd35<\/p>\n<p>Espero que te resulte \u00fatil. \u00a1Si necesitas m\u00e1s ayuda, no dudes en pedirla!<\/p>\n","protected":false},"excerpt":{"rendered":"<p>Agenda de Bodas @ogtmx<\/p>\n<p>Gu\u00eda paso a paso, desde la elecci\u00f3n de la fecha hasta la Luna de Miel.<\/p>\n","protected":false},"featured_media":934,"comment_status":"open","ping_status":"closed","template":"","meta":{"om_disable_all_campaigns":false,"_monsterinsights_skip_tracking":false,"_monsterinsights_sitenote_active":false,"_monsterinsights_sitenote_note":"","_monsterinsights_sitenote_category":0},"product_brand":[],"product_cat":[32,15],"product_tag":[],"class_list":{"0":"post-933","1":"product","2":"type-product","3":"status-publish","4":"has-post-thumbnail","6":"product_cat-bodas","7":"product_cat-uncategorized","9":"first","10":"instock","11":"shipping-taxable","12":"purchasable","13":"product-type-simple"},"aioseo_notices":[],"_links":{"self":[{"href":"https:\/\/ogt.mx\/index.php\/wp-json\/wp\/v2\/product\/933","targetHints":{"allow":["GET"]}}],"collection":[{"href":"https:\/\/ogt.mx\/index.php\/wp-json\/wp\/v2\/product"}],"about":[{"href":"https:\/\/ogt.mx\/index.php\/wp-json\/wp\/v2\/types\/product"}],"replies":[{"embeddable":true,"href":"https:\/\/ogt.mx\/index.php\/wp-json\/wp\/v2\/comments?post=933"}],"wp:featuredmedia":[{"embeddable":true,"href":"https:\/\/ogt.mx\/index.php\/wp-json\/wp\/v2\/media\/934"}],"wp:attachment":[{"href":"https:\/\/ogt.mx\/index.php\/wp-json\/wp\/v2\/media?parent=933"}],"wp:term":[{"taxonomy":"product_brand","embeddable":true,"href":"https:\/\/ogt.mx\/index.php\/wp-json\/wp\/v2\/product_brand?post=933"},{"taxonomy":"product_cat","embeddable":true,"href":"https:\/\/ogt.mx\/index.php\/wp-json\/wp\/v2\/product_cat?post=933"},{"taxonomy":"product_tag","embeddable":true,"href":"https:\/\/ogt.mx\/index.php\/wp-json\/wp\/v2\/product_tag?post=933"}],"curies":[{"name":"wp","href":"https:\/\/api.w.org\/{rel}","templated":true}]}}