{"id":568,"date":"2023-07-17T17:57:08","date_gmt":"2023-07-17T22:57:08","guid":{"rendered":"https:\/\/ogt.mx\/?post_type=product&#038;p=568"},"modified":"2024-05-22T12:18:05","modified_gmt":"2024-05-22T17:18:05","slug":"invitacion-mis-xv-roja","status":"publish","type":"product","link":"https:\/\/ogt.mx\/index.php\/product\/invitacion-mis-xv-roja\/","title":{"rendered":"Invitaci\u00f3n mis XV roja"},"content":{"rendered":"<p>Invitaci\u00f3n digital que personalizamos por ti<\/p>\n","protected":false},"excerpt":{"rendered":"<p>Invitaci\u00f3n digital. La personalizamos por ti y te la enviamos lista para que t\u00fa la mandes a tus invitados. Tiene opci\u00f3n a 2 mapas, y confirmaci\u00f3n de asistencia<\/p>\n","protected":false},"featured_media":565,"comment_status":"open","ping_status":"closed","template":"","meta":{"om_disable_all_campaigns":false,"_monsterinsights_skip_tracking":false,"_monsterinsights_sitenote_active":false,"_monsterinsights_sitenote_note":"","_monsterinsights_sitenote_category":0},"product_brand":[],"product_cat":[15,34],"product_tag":[],"class_list":{"0":"post-568","1":"product","2":"type-product","3":"status-publish","4":"has-post-thumbnail","6":"product_cat-uncategorized","7":"product_cat-xv","9":"first","10":"outofstock","11":"downloadable","12":"virtual","13":"purchasable","14":"product-type-simple"},"aioseo_notices":[],"_links":{"self":[{"href":"https:\/\/ogt.mx\/index.php\/wp-json\/wp\/v2\/product\/568","targetHints":{"allow":["GET"]}}],"collection":[{"href":"https:\/\/ogt.mx\/index.php\/wp-json\/wp\/v2\/product"}],"about":[{"href":"https:\/\/ogt.mx\/index.php\/wp-json\/wp\/v2\/types\/product"}],"replies":[{"embeddable":true,"href":"https:\/\/ogt.mx\/index.php\/wp-json\/wp\/v2\/comments?post=568"}],"wp:featuredmedia":[{"embeddable":true,"href":"https:\/\/ogt.mx\/index.php\/wp-json\/wp\/v2\/media\/565"}],"wp:attachment":[{"href":"https:\/\/ogt.mx\/index.php\/wp-json\/wp\/v2\/media?parent=568"}],"wp:term":[{"taxonomy":"product_brand","embeddable":true,"href":"https:\/\/ogt.mx\/index.php\/wp-json\/wp\/v2\/product_brand?post=568"},{"taxonomy":"product_cat","embeddable":true,"href":"https:\/\/ogt.mx\/index.php\/wp-json\/wp\/v2\/product_cat?post=568"},{"taxonomy":"product_tag","embeddable":true,"href":"https:\/\/ogt.mx\/index.php\/wp-json\/wp\/v2\/product_tag?post=568"}],"curies":[{"name":"wp","href":"https:\/\/api.w.org\/{rel}","templated":true}]}}