{"id":474,"date":"2023-06-23T08:03:50","date_gmt":"2023-06-23T13:03:50","guid":{"rendered":"https:\/\/ogt.mx\/?post_type=product&#038;p=474"},"modified":"2023-06-29T07:01:44","modified_gmt":"2023-06-29T12:01:44","slug":"duo-mini-photobook-6x8-portada-acolchada-papel-fotografico","status":"publish","type":"product","link":"https:\/\/ogt.mx\/index.php\/product\/duo-mini-photobook-6x8-portada-acolchada-papel-fotografico\/","title":{"rendered":"D\u00fao Mini Photobook 6&#215;8 portada acolchada, papel fotogr\u00e1fico"},"content":{"rendered":"<p>2 Foto\u00e1lbums o Photobooks iguales con 24 p\u00e1ginas c\/u \u00a0para que acomodar hasta 20 fotos.<\/p>\n<p>Una vez que haces tu compra nos mandas tus fotos por mail o a trav\u00e9s de una liga que te proporcionaremos, nosotros las acomodamos y armamos por ti. El tiempo de fabricaci\u00f3n es aproximadamente de 10 d\u00edas h\u00e1biles m\u00e1s el tiempo que tarda paqueter\u00eda en entregar, aproximadamente 5 d\u00edas m\u00e1s.<\/p>\n<p>Toma en cuenta que la calidad original de las fotograf\u00edas influye en la impresi\u00f3n.<\/p>\n<p>La pieza real puede variar de como se muestra en las fotograf\u00edas.<\/p>\n","protected":false},"excerpt":{"rendered":"<p>2 Photobooks con hojas impresas en papel fotogr\u00e1fico brillante o texturizado mate tama\u00f1o 6 x8 cm. Portada acolchada forrada en tela 100% algod\u00f3n. Ideal para fotograf\u00edas profesionales.<\/p>\n","protected":false},"featured_media":475,"comment_status":"open","ping_status":"closed","template":"","meta":{"om_disable_all_campaigns":false,"_monsterinsights_skip_tracking":false,"_monsterinsights_sitenote_active":false,"_monsterinsights_sitenote_note":"","_monsterinsights_sitenote_category":0},"product_brand":[],"product_cat":[47,46,15,34],"product_tag":[],"class_list":{"0":"post-474","1":"product","2":"type-product","3":"status-publish","4":"has-post-thumbnail","6":"product_cat-photobooks","7":"product_cat-primera-comunion","8":"product_cat-uncategorized","9":"product_cat-xv","11":"first","12":"onbackorder","13":"shipping-taxable","14":"purchasable","15":"product-type-simple"},"aioseo_notices":[],"_links":{"self":[{"href":"https:\/\/ogt.mx\/index.php\/wp-json\/wp\/v2\/product\/474","targetHints":{"allow":["GET"]}}],"collection":[{"href":"https:\/\/ogt.mx\/index.php\/wp-json\/wp\/v2\/product"}],"about":[{"href":"https:\/\/ogt.mx\/index.php\/wp-json\/wp\/v2\/types\/product"}],"replies":[{"embeddable":true,"href":"https:\/\/ogt.mx\/index.php\/wp-json\/wp\/v2\/comments?post=474"}],"wp:featuredmedia":[{"embeddable":true,"href":"https:\/\/ogt.mx\/index.php\/wp-json\/wp\/v2\/media\/475"}],"wp:attachment":[{"href":"https:\/\/ogt.mx\/index.php\/wp-json\/wp\/v2\/media?parent=474"}],"wp:term":[{"taxonomy":"product_brand","embeddable":true,"href":"https:\/\/ogt.mx\/index.php\/wp-json\/wp\/v2\/product_brand?post=474"},{"taxonomy":"product_cat","embeddable":true,"href":"https:\/\/ogt.mx\/index.php\/wp-json\/wp\/v2\/product_cat?post=474"},{"taxonomy":"product_tag","embeddable":true,"href":"https:\/\/ogt.mx\/index.php\/wp-json\/wp\/v2\/product_tag?post=474"}],"curies":[{"name":"wp","href":"https:\/\/api.w.org\/{rel}","templated":true}]}}