{"id":473,"date":"2023-06-23T07:46:12","date_gmt":"2023-06-23T12:46:12","guid":{"rendered":"https:\/\/ogt.mx\/?post_type=product&#038;p=473"},"modified":"2024-05-22T12:18:06","modified_gmt":"2024-05-22T17:18:06","slug":"invitacion-para-imprimir-mono-bebe","status":"publish","type":"product","link":"https:\/\/ogt.mx\/index.php\/product\/invitacion-para-imprimir-mono-bebe\/","title":{"rendered":"Invitaci\u00f3n para imprimir mono beb\u00e9"},"content":{"rendered":"<p>Descarga el archivo digital con dise\u00f1o de ropa de beb\u00e9, ll\u00e9nalo con los \u00a0datos que necesites desde acrobat reader, imprime y recorta tus invitaciones.<\/p>\n<p>La plantilla es tama\u00f1o carta con 2 invitaciones por hoja.<\/p>\n<p>Si no tienes Acrobat Reader puedes descargarlo <a href=\"https:\/\/get.adobe.com\/reader\/\">gratuitamente aqu\u00ed.<\/a><\/p>\n<p>Cuentas con 3 d\u00edas naturales a partir de tu compra para descargar el archivo.<\/p>\n<p>&nbsp;<\/p>\n","protected":false},"excerpt":{"rendered":"<p>Archivo digital con dise\u00f1o de ropa de beb\u00e9 para que tu llenes con los datos que necesites y la imprimas para recortar.<\/p>\n","protected":false},"featured_media":469,"comment_status":"open","ping_status":"closed","template":"","meta":{"om_disable_all_campaigns":false,"_monsterinsights_skip_tracking":false,"_monsterinsights_sitenote_active":false,"_monsterinsights_sitenote_note":"","_monsterinsights_sitenote_category":0},"product_brand":[],"product_cat":[33,15],"product_tag":[],"class_list":{"0":"post-473","1":"product","2":"type-product","3":"status-publish","4":"has-post-thumbnail","6":"product_cat-baby","7":"product_cat-uncategorized","9":"first","10":"outofstock","11":"downloadable","12":"virtual","13":"purchasable","14":"product-type-simple"},"aioseo_notices":[],"_links":{"self":[{"href":"https:\/\/ogt.mx\/index.php\/wp-json\/wp\/v2\/product\/473","targetHints":{"allow":["GET"]}}],"collection":[{"href":"https:\/\/ogt.mx\/index.php\/wp-json\/wp\/v2\/product"}],"about":[{"href":"https:\/\/ogt.mx\/index.php\/wp-json\/wp\/v2\/types\/product"}],"replies":[{"embeddable":true,"href":"https:\/\/ogt.mx\/index.php\/wp-json\/wp\/v2\/comments?post=473"}],"wp:featuredmedia":[{"embeddable":true,"href":"https:\/\/ogt.mx\/index.php\/wp-json\/wp\/v2\/media\/469"}],"wp:attachment":[{"href":"https:\/\/ogt.mx\/index.php\/wp-json\/wp\/v2\/media?parent=473"}],"wp:term":[{"taxonomy":"product_brand","embeddable":true,"href":"https:\/\/ogt.mx\/index.php\/wp-json\/wp\/v2\/product_brand?post=473"},{"taxonomy":"product_cat","embeddable":true,"href":"https:\/\/ogt.mx\/index.php\/wp-json\/wp\/v2\/product_cat?post=473"},{"taxonomy":"product_tag","embeddable":true,"href":"https:\/\/ogt.mx\/index.php\/wp-json\/wp\/v2\/product_tag?post=473"}],"curies":[{"name":"wp","href":"https:\/\/api.w.org\/{rel}","templated":true}]}}