{"id":412,"date":"2023-06-21T07:58:06","date_gmt":"2023-06-21T12:58:06","guid":{"rendered":"https:\/\/ogt.mx\/?post_type=product&#038;p=412"},"modified":"2024-05-22T12:19:03","modified_gmt":"2024-05-22T17:19:03","slug":"oracion-primera-comunion-oc001","status":"publish","type":"product","link":"https:\/\/ogt.mx\/index.php\/product\/oracion-primera-comunion-oc001\/","title":{"rendered":"Oraci\u00f3n Primera Comuni\u00f3n OC001"},"content":{"rendered":"<p>Archivo digital tama\u00f1o carta o tabloide listo para personalizar e imprimir. El tama\u00f1o carta viene con 2 tarjetas y el tabloide con 4. Cuando personalizar 1 autom\u00e1ticamente se personalizan las dem\u00e1s con el mismo texto para que todas sean iguales y saques las copias que necesitas.<\/p>\n<p>No incluye sobre. Tienes 3 d\u00edas a partir de tu compra para descargar el archivo.<\/p>\n<p>&nbsp;<\/p>\n","protected":false},"excerpt":{"rendered":"<p>Oraci\u00f3n que reciben tus acompa\u00f1antes en la Primera Comuni\u00f3n de tus ser querido. Puedes personalizar nombres y fecha.<\/p>\n","protected":false},"featured_media":413,"comment_status":"open","ping_status":"closed","template":"","meta":{"om_disable_all_campaigns":false,"_monsterinsights_skip_tracking":false,"_monsterinsights_sitenote_active":false,"_monsterinsights_sitenote_note":"","_monsterinsights_sitenote_category":0},"product_brand":[],"product_cat":[46,15],"product_tag":[],"class_list":{"0":"post-412","1":"product","2":"type-product","3":"status-publish","4":"has-post-thumbnail","6":"product_cat-primera-comunion","7":"product_cat-uncategorized","9":"first","10":"outofstock","11":"downloadable","12":"virtual","13":"product-type-simple"},"aioseo_notices":[],"_links":{"self":[{"href":"https:\/\/ogt.mx\/index.php\/wp-json\/wp\/v2\/product\/412","targetHints":{"allow":["GET"]}}],"collection":[{"href":"https:\/\/ogt.mx\/index.php\/wp-json\/wp\/v2\/product"}],"about":[{"href":"https:\/\/ogt.mx\/index.php\/wp-json\/wp\/v2\/types\/product"}],"replies":[{"embeddable":true,"href":"https:\/\/ogt.mx\/index.php\/wp-json\/wp\/v2\/comments?post=412"}],"wp:featuredmedia":[{"embeddable":true,"href":"https:\/\/ogt.mx\/index.php\/wp-json\/wp\/v2\/media\/413"}],"wp:attachment":[{"href":"https:\/\/ogt.mx\/index.php\/wp-json\/wp\/v2\/media?parent=412"}],"wp:term":[{"taxonomy":"product_brand","embeddable":true,"href":"https:\/\/ogt.mx\/index.php\/wp-json\/wp\/v2\/product_brand?post=412"},{"taxonomy":"product_cat","embeddable":true,"href":"https:\/\/ogt.mx\/index.php\/wp-json\/wp\/v2\/product_cat?post=412"},{"taxonomy":"product_tag","embeddable":true,"href":"https:\/\/ogt.mx\/index.php\/wp-json\/wp\/v2\/product_tag?post=412"}],"curies":[{"name":"wp","href":"https:\/\/api.w.org\/{rel}","templated":true}]}}