{"id":259,"date":"2023-06-08T18:40:54","date_gmt":"2023-06-08T23:40:54","guid":{"rendered":"https:\/\/ogt.mx\/?post_type=product&#038;p=259"},"modified":"2023-07-05T01:07:11","modified_gmt":"2023-07-05T06:07:11","slug":"ebook-encuadernacion-entera-de-tapa-suelta","status":"publish","type":"product","link":"https:\/\/ogt.mx\/index.php\/product\/ebook-encuadernacion-entera-de-tapa-suelta\/","title":{"rendered":"Bukorial:  Encuadernaci\u00f3n entera de tapa suelta"},"content":{"rendered":"<p>Archivo digital listo para que imprimas \u00a0a manera de libro-tutorial que te va explicando paso por paso c\u00f3mo hacer una encuadernaci\u00f3n de tapa suelta.<\/p>\n<p>Por cuestiones t\u00e9cnicas necesitas enviar tu comprobante de pago a ventas@ogt.mx para que te enviemos una liga desde donde puedes descargar el archivo<\/p>\n","protected":false},"excerpt":{"rendered":"<p>Archivo digital listo para que imprimas \u00a0a manera de libro-tutorial que te va explicando paso por paso c\u00f3mo hacer una encuadernaci\u00f3n de tapa suelta. Por cuestiones t\u00e9cnicas necesitas enviar tu comprobante de pago a ventas@ogt.mx para que te enviemos una liga desde donde puedes descargar el archivo<\/p>\n","protected":false},"featured_media":264,"comment_status":"open","ping_status":"closed","template":"","meta":{"om_disable_all_campaigns":false,"_monsterinsights_skip_tracking":false,"_monsterinsights_sitenote_active":false,"_monsterinsights_sitenote_note":"","_monsterinsights_sitenote_category":0},"product_brand":[],"product_cat":[22,15],"product_tag":[],"class_list":{"0":"post-259","1":"product","2":"type-product","3":"status-publish","4":"has-post-thumbnail","6":"product_cat-ebooks","7":"product_cat-uncategorized","9":"first","10":"instock","11":"downloadable","12":"virtual","13":"purchasable","14":"product-type-simple"},"aioseo_notices":[],"_links":{"self":[{"href":"https:\/\/ogt.mx\/index.php\/wp-json\/wp\/v2\/product\/259","targetHints":{"allow":["GET"]}}],"collection":[{"href":"https:\/\/ogt.mx\/index.php\/wp-json\/wp\/v2\/product"}],"about":[{"href":"https:\/\/ogt.mx\/index.php\/wp-json\/wp\/v2\/types\/product"}],"replies":[{"embeddable":true,"href":"https:\/\/ogt.mx\/index.php\/wp-json\/wp\/v2\/comments?post=259"}],"wp:featuredmedia":[{"embeddable":true,"href":"https:\/\/ogt.mx\/index.php\/wp-json\/wp\/v2\/media\/264"}],"wp:attachment":[{"href":"https:\/\/ogt.mx\/index.php\/wp-json\/wp\/v2\/media?parent=259"}],"wp:term":[{"taxonomy":"product_brand","embeddable":true,"href":"https:\/\/ogt.mx\/index.php\/wp-json\/wp\/v2\/product_brand?post=259"},{"taxonomy":"product_cat","embeddable":true,"href":"https:\/\/ogt.mx\/index.php\/wp-json\/wp\/v2\/product_cat?post=259"},{"taxonomy":"product_tag","embeddable":true,"href":"https:\/\/ogt.mx\/index.php\/wp-json\/wp\/v2\/product_tag?post=259"}],"curies":[{"name":"wp","href":"https:\/\/api.w.org\/{rel}","templated":true}]}}