{"id":233,"date":"2023-06-08T15:56:03","date_gmt":"2023-06-08T20:56:03","guid":{"rendered":"https:\/\/ogt.mx\/?post_type=product&#038;p=233"},"modified":"2024-05-22T12:21:10","modified_gmt":"2024-05-22T17:21:10","slug":"plantilla-para-cajita-de-corazon-diy","status":"publish","type":"product","link":"https:\/\/ogt.mx\/index.php\/product\/plantilla-para-cajita-de-corazon-diy\/","title":{"rendered":"Plantilla para cajita de coraz\u00f3n DIY"},"content":{"rendered":"<p>Plantilla digital lista para imprimir para que t\u00fa mismo armes cajitas con cierre de coraz\u00f3n de aproximadamente 5.5 cm. Cuentas con 3 d\u00edas a partir de tu compra para descargar el archivo.<\/p>\n","protected":false},"excerpt":{"rendered":"<p>Plantilla para que hagas t\u00fa mismo tus cajitas con cierre de coraz\u00f3n<\/p>\n","protected":false},"featured_media":187,"comment_status":"open","ping_status":"closed","template":"","meta":{"om_disable_all_campaigns":false,"_monsterinsights_skip_tracking":false,"_monsterinsights_sitenote_active":false,"_monsterinsights_sitenote_note":"","_monsterinsights_sitenote_category":0},"product_brand":[],"product_cat":[15],"product_tag":[],"class_list":{"0":"post-233","1":"product","2":"type-product","3":"status-publish","4":"has-post-thumbnail","6":"product_cat-uncategorized","8":"first","9":"outofstock","10":"downloadable","11":"virtual","12":"purchasable","13":"product-type-simple"},"aioseo_notices":[],"_links":{"self":[{"href":"https:\/\/ogt.mx\/index.php\/wp-json\/wp\/v2\/product\/233","targetHints":{"allow":["GET"]}}],"collection":[{"href":"https:\/\/ogt.mx\/index.php\/wp-json\/wp\/v2\/product"}],"about":[{"href":"https:\/\/ogt.mx\/index.php\/wp-json\/wp\/v2\/types\/product"}],"replies":[{"embeddable":true,"href":"https:\/\/ogt.mx\/index.php\/wp-json\/wp\/v2\/comments?post=233"}],"wp:featuredmedia":[{"embeddable":true,"href":"https:\/\/ogt.mx\/index.php\/wp-json\/wp\/v2\/media\/187"}],"wp:attachment":[{"href":"https:\/\/ogt.mx\/index.php\/wp-json\/wp\/v2\/media?parent=233"}],"wp:term":[{"taxonomy":"product_brand","embeddable":true,"href":"https:\/\/ogt.mx\/index.php\/wp-json\/wp\/v2\/product_brand?post=233"},{"taxonomy":"product_cat","embeddable":true,"href":"https:\/\/ogt.mx\/index.php\/wp-json\/wp\/v2\/product_cat?post=233"},{"taxonomy":"product_tag","embeddable":true,"href":"https:\/\/ogt.mx\/index.php\/wp-json\/wp\/v2\/product_tag?post=233"}],"curies":[{"name":"wp","href":"https:\/\/api.w.org\/{rel}","templated":true}]}}