{"id":217,"date":"2023-05-31T20:26:18","date_gmt":"2023-06-01T01:26:18","guid":{"rendered":"https:\/\/ogt.mx\/?post_type=product&#038;p=217"},"modified":"2024-05-22T12:21:21","modified_gmt":"2024-05-22T17:21:21","slug":"caja-piramide-diy","status":"publish","type":"product","link":"https:\/\/ogt.mx\/index.php\/product\/caja-piramide-diy\/","title":{"rendered":"Plantilla para caja pir\u00e1mide DIY"},"content":{"rendered":"<p>El tama\u00f1o de la caja armada es aproximadamente de 9 x 9 cm. Cuentas con 3 d\u00edas para hacer tu descarga una vez que compras la plantilla.<\/p>\n","protected":false},"excerpt":{"rendered":"<p>Plantilla tama\u00f1o carta para que imprimas las veces que quieras en el papel que gustes. Te compartimos el video instructivo para armarla.<\/p>\n","protected":false},"featured_media":332,"comment_status":"open","ping_status":"closed","template":"","meta":{"om_disable_all_campaigns":false,"_monsterinsights_skip_tracking":false,"_monsterinsights_sitenote_active":false,"_monsterinsights_sitenote_note":"","_monsterinsights_sitenote_category":0},"product_brand":[],"product_cat":[33,32,35,39,27,46,15,34],"product_tag":[],"class_list":{"0":"post-217","1":"product","2":"type-product","3":"status-publish","4":"has-post-thumbnail","6":"product_cat-baby","7":"product_cat-bodas","8":"product_cat-despedidas","9":"product_cat-gender-party","10":"product_cat-graduaciones","11":"product_cat-primera-comunion","12":"product_cat-uncategorized","13":"product_cat-xv","15":"first","16":"outofstock","17":"downloadable","18":"virtual","19":"purchasable","20":"product-type-simple"},"aioseo_notices":[],"_links":{"self":[{"href":"https:\/\/ogt.mx\/index.php\/wp-json\/wp\/v2\/product\/217","targetHints":{"allow":["GET"]}}],"collection":[{"href":"https:\/\/ogt.mx\/index.php\/wp-json\/wp\/v2\/product"}],"about":[{"href":"https:\/\/ogt.mx\/index.php\/wp-json\/wp\/v2\/types\/product"}],"replies":[{"embeddable":true,"href":"https:\/\/ogt.mx\/index.php\/wp-json\/wp\/v2\/comments?post=217"}],"wp:featuredmedia":[{"embeddable":true,"href":"https:\/\/ogt.mx\/index.php\/wp-json\/wp\/v2\/media\/332"}],"wp:attachment":[{"href":"https:\/\/ogt.mx\/index.php\/wp-json\/wp\/v2\/media?parent=217"}],"wp:term":[{"taxonomy":"product_brand","embeddable":true,"href":"https:\/\/ogt.mx\/index.php\/wp-json\/wp\/v2\/product_brand?post=217"},{"taxonomy":"product_cat","embeddable":true,"href":"https:\/\/ogt.mx\/index.php\/wp-json\/wp\/v2\/product_cat?post=217"},{"taxonomy":"product_tag","embeddable":true,"href":"https:\/\/ogt.mx\/index.php\/wp-json\/wp\/v2\/product_tag?post=217"}],"curies":[{"name":"wp","href":"https:\/\/api.w.org\/{rel}","templated":true}]}}